{"id":1651,"date":"2025-03-12T20:47:54","date_gmt":"2025-03-12T17:47:54","guid":{"rendered":"https:\/\/flowdatca.com\/?page_id=1651"},"modified":"2025-03-15T23:37:02","modified_gmt":"2025-03-15T20:37:02","slug":"kariyer","status":"publish","type":"page","link":"https:\/\/flowdatca.com\/eng\/kariyer\/","title":{"rendered":"Career"},"content":{"rendered":"<div data-elementor-type=\"wp-page\" data-elementor-id=\"1651\" class=\"elementor elementor-1651\" data-elementor-post-type=\"page\">\n\t\t\t\t<div class=\"elementor-element elementor-element-41f21e7 e-flex e-con-boxed e-con e-parent\" data-id=\"41f21e7\" data-element_type=\"container\" data-e-type=\"container\">\n\t\t\t\t\t<div class=\"e-con-inner\">\n\t\t\t\t<div class=\"elementor-element elementor-element-cbce4f6 elementor-headline--style-highlight elementor-widget elementor-widget-animated-headline\" data-id=\"cbce4f6\" data-element_type=\"widget\" data-e-type=\"widget\" data-settings=\"{&quot;marker&quot;:&quot;underline_zigzag&quot;,&quot;highlighted_text&quot;:&quot;Kariyerinde Yeni Bir Ak\\u0131\\u015f Ba\\u015flat!&quot;,&quot;headline_style&quot;:&quot;highlight&quot;,&quot;loop&quot;:&quot;yes&quot;,&quot;highlight_animation_duration&quot;:1200,&quot;highlight_iteration_delay&quot;:8000}\" data-widget_type=\"animated-headline.default\">\n\t\t\t\t<div class=\"elementor-widget-container\">\n\t\t\t\t\t\t\t<h1 class=\"elementor-headline\">\n\t\t\t\t<span class=\"elementor-headline-dynamic-wrapper elementor-headline-text-wrapper\">\n\t\t\t\t\t<span class=\"elementor-headline-dynamic-text elementor-headline-text-active\">Start a New Flow in Your Career!<\/span>\n\t\t\t\t<\/span>\n\t\t\t\t<\/h1>\n\t\t\t\t\t\t<\/div>\n\t\t\t\t<\/div>\n\t\t\t\t\t<\/div>\n\t\t\t\t<\/div>\n\t\t<div class=\"elementor-element elementor-element-23cd83a e-flex e-con-boxed e-con e-parent\" data-id=\"23cd83a\" data-element_type=\"container\" data-e-type=\"container\">\n\t\t\t\t\t<div class=\"e-con-inner\">\n\t\t\t\t<div class=\"elementor-element elementor-element-17e3586 elementor-cta--skin-cover elementor-widget elementor-widget-call-to-action\" data-id=\"17e3586\" data-element_type=\"widget\" data-e-type=\"widget\" data-widget_type=\"call-to-action.default\">\n\t\t\t\t<div class=\"elementor-widget-container\">\n\t\t\t\t\t\t\t<div class=\"elementor-cta\">\n\t\t\t\t\t<div class=\"elementor-cta__bg-wrapper\">\n\t\t\t\t<div class=\"elementor-cta__bg elementor-bg\" style=\"background-image: url(https:\/\/flowdatca.com\/wp-content\/uploads\/2025\/03\/zDSCF0016-8000px-2-1024x768.jpg);\" role=\"img\" aria-label=\"zDSCF0016-8000px-2\"><\/div>\n\t\t\t\t<div class=\"elementor-cta__bg-overlay\"><\/div>\n\t\t\t<\/div>\n\t\t\t\t\t\t\t<div class=\"elementor-cta__content\">\n\t\t\t\t\n\t\t\t\t\t\t\t\t\t<h2 class=\"elementor-cta__title elementor-cta__content-item elementor-content-item\">\n\t\t\t\t\t\tIf you are looking for an inspiring experience, not just a job, you are in the right place! \t\t\t\t\t<\/h2>\n\t\t\t\t\n\t\t\t\t\t\t\t\t\t<div class=\"elementor-cta__description elementor-cta__content-item elementor-content-item\">\n\t\t\t\t\t\tFlow Dat\u00e7a invites professionals who work with passion, are open to development and want to make a difference in a working environment surrounded by nature to join its team.\t\t\t\t\t<\/div>\n\t\t\t\t\n\t\t\t\t\t\t\t\t\t<div class=\"elementor-cta__button-wrapper elementor-cta__content-item elementor-content-item\">\n\t\t\t\t\t<a class=\"elementor-cta__button elementor-button elementor-size-\">\n\t\t\t\t\t\tinfo@flowdatca.com\t\t\t\t\t<\/a>\n\t\t\t\t\t<\/div>\n\t\t\t\t\t\t\t<\/div>\n\t\t\t\t\t\t<\/div>\n\t\t\t\t\t\t<\/div>\n\t\t\t\t<\/div>\n\t\t\t\t\t<\/div>\n\t\t\t\t<\/div>\n\t\t<div class=\"elementor-element elementor-element-5d1c47b e-flex e-con-boxed e-con e-parent\" data-id=\"5d1c47b\" data-element_type=\"container\" data-e-type=\"container\">\n\t\t\t\t\t<div class=\"e-con-inner\">\n\t\t<div class=\"elementor-element elementor-element-a9bf471 e-con-full e-flex e-con e-child\" data-id=\"a9bf471\" data-element_type=\"container\" data-e-type=\"container\" data-settings=\"{&quot;background_background&quot;:&quot;classic&quot;}\">\n\t\t\t\t<div class=\"elementor-element elementor-element-42763d4 elementor-widget elementor-widget-heading\" data-id=\"42763d4\" data-element_type=\"widget\" data-e-type=\"widget\" data-widget_type=\"heading.default\">\n\t\t\t\t<div class=\"elementor-widget-container\">\n\t\t\t\t\t<h1 class=\"elementor-heading-title elementor-size-default\">Chief Cook<\/h1>\t\t\t\t<\/div>\n\t\t\t\t<\/div>\n\t\t\t\t<div class=\"elementor-element elementor-element-f7219d2 elementor-widget elementor-widget-text-editor\" data-id=\"f7219d2\" data-element_type=\"widget\" data-e-type=\"widget\" data-widget_type=\"text-editor.default\">\n\t\t\t\t<div class=\"elementor-widget-container\">\n\t\t\t\t\t\t\t\t\t<p><strong>We are looking for a visionary Chief Cook to lead our Kitchen Team.<\/strong> <br \/><em>If you want to direct the Flow Dat\u00e7a kitchen, send your CV now. <a href=\"mailto:info@flowdatca.com\">info@flowdatca.com<\/a> send to your address.<\/em><\/p>\t\t\t\t\t\t\t\t<\/div>\n\t\t\t\t<\/div>\n\t\t\t\t<\/div>\n\t\t\t\t\t<\/div>\n\t\t\t\t<\/div>\n\t\t\t\t<\/div>","protected":false},"excerpt":{"rendered":"<p>Kariyerinde Yeni Bir Ak\u0131\u015f Ba\u015flat! Sadece bir i\u015f de\u011fil, ilham veren bir deneyim ar\u0131yorsan\u0131z do\u011fru yerdesiniz! Flow Dat\u00e7a, tutkuyla \u00e7al\u0131\u015fan, geli\u015fmeye a\u00e7\u0131k ve do\u011fayla i\u00e7 i\u00e7e bir \u00e7al\u0131\u015fma ortam\u0131nda fark yaratmak isteyen profesyonelleri ekibine kat\u0131lmaya davet ediyor. info@flowdatca.com \u015eef A\u015f\u00e7\u0131 [&hellip;]<\/p>\n","protected":false},"author":261653120,"featured_media":0,"parent":0,"menu_order":0,"comment_status":"closed","ping_status":"closed","template":"elementor_header_footer","meta":{"_crdt_document":"","_monsterinsights_skip_tracking":false,"_monsterinsights_sitenote_active":false,"_monsterinsights_sitenote_note":"","_monsterinsights_sitenote_category":0,"footnotes":""},"class_list":["post-1651","page","type-page","status-publish","hentry"],"aioseo_notices":[],"jetpack_likes_enabled":true,"jetpack_sharing_enabled":true,"jetpack_shortlink":"https:\/\/wp.me\/PgkMIv-qD","jetpack-related-posts":[{"id":524,"url":"https:\/\/flowdatca.com\/eng\/etriartisankitchen\/","url_meta":{"origin":1651,"position":0},"title":"Etri Artisan Kitchen","author":"webflowdatca","date":"September 8, 2023","format":false,"excerpt":"Etr\u0131 art\u0131san k\u0131tchen Ege\u2019nin do\u011fal lezzetleri, deniz esintisi ve benzersiz bir atmosfer Etri Artisan Kitchen'da bulu\u015fuyor! Taze ve yerel malzemelerle haz\u0131rlanan kahvalt\u0131dan ak\u015fam yeme\u011fine kadar her \u00f6\u011f\u00fcn, do\u011fan\u0131n i\u00e7inde lezzet \u015f\u00f6lenine d\u00f6n\u00fc\u015f\u00fcyor. Sabah deniz kenar\u0131nda huzurlu bir kahvalt\u0131, g\u00fcn boyunca havuz ba\u015f\u0131nda hafif lezzetler ve ak\u015fam y\u0131ld\u0131zlar\u0131n alt\u0131nda romantik bir\u2026","rel":"","context":"Similar post","block_context":{"text":"Similar post","link":""},"img":{"alt_text":"","src":"https:\/\/i0.wp.com\/flowdatca.com\/wp-content\/uploads\/2025\/03\/flowdatca-havuz-kenari-dinlenme-keyfi.webp?resize=350%2C200&ssl=1","width":350,"height":200,"srcset":"https:\/\/i0.wp.com\/flowdatca.com\/wp-content\/uploads\/2025\/03\/flowdatca-havuz-kenari-dinlenme-keyfi.webp?resize=350%2C200&ssl=1 1x, https:\/\/i0.wp.com\/flowdatca.com\/wp-content\/uploads\/2025\/03\/flowdatca-havuz-kenari-dinlenme-keyfi.webp?resize=525%2C300&ssl=1 1.5x, https:\/\/i0.wp.com\/flowdatca.com\/wp-content\/uploads\/2025\/03\/flowdatca-havuz-kenari-dinlenme-keyfi.webp?resize=700%2C400&ssl=1 2x, https:\/\/i0.wp.com\/flowdatca.com\/wp-content\/uploads\/2025\/03\/flowdatca-havuz-kenari-dinlenme-keyfi.webp?resize=1050%2C600&ssl=1 3x, https:\/\/i0.wp.com\/flowdatca.com\/wp-content\/uploads\/2025\/03\/flowdatca-havuz-kenari-dinlenme-keyfi.webp?resize=1400%2C800&ssl=1 4x"},"classes":[]},{"id":987,"url":"https:\/\/flowdatca.com\/eng\/dugun\/","url_meta":{"origin":1651,"position":1},"title":"Wedding","author":"webflowdatca","date":"February 20, 2025","format":false,"excerpt":"Ege\u2019nin Kalbinde D\u00fc\u011f\u00fcn\u00fcn\u00fcz Bir Tatil Tad\u0131nda Olsun D\u00fc\u011f\u00fcn\u00fcn\u00fcz sadece bir gecelik bir kutlama olmas\u0131n, sevdiklerinizle birlikte unutulmaz bir tatil deneyimine d\u00f6n\u00fc\u015fs\u00fcn! Flow Dat\u00e7a, Dat\u00e7a\u2019daki en \u00f6zel butik d\u00fc\u011f\u00fcn otellerinden biri olarak, do\u011fayla i\u00e7 i\u00e7e, deniz kenar\u0131nda hem tatil hem de kusursuz bir d\u00fc\u011f\u00fcn atmosferi sunuyor. Dat\u00e7a\u2019da Deniz Kenar\u0131nda Unutulmaz Bir\u2026","rel":"","context":"Similar post","block_context":{"text":"Similar post","link":""},"img":{"alt_text":"","src":"https:\/\/i0.wp.com\/flowdatca.com\/wp-content\/uploads\/2025\/03\/plaj-dugunu-nikah-gelin-damat.webp?resize=350%2C200&ssl=1","width":350,"height":200,"srcset":"https:\/\/i0.wp.com\/flowdatca.com\/wp-content\/uploads\/2025\/03\/plaj-dugunu-nikah-gelin-damat.webp?resize=350%2C200&ssl=1 1x, https:\/\/i0.wp.com\/flowdatca.com\/wp-content\/uploads\/2025\/03\/plaj-dugunu-nikah-gelin-damat.webp?resize=525%2C300&ssl=1 1.5x, https:\/\/i0.wp.com\/flowdatca.com\/wp-content\/uploads\/2025\/03\/plaj-dugunu-nikah-gelin-damat.webp?resize=700%2C400&ssl=1 2x, https:\/\/i0.wp.com\/flowdatca.com\/wp-content\/uploads\/2025\/03\/plaj-dugunu-nikah-gelin-damat.webp?resize=1050%2C600&ssl=1 3x, https:\/\/i0.wp.com\/flowdatca.com\/wp-content\/uploads\/2025\/03\/plaj-dugunu-nikah-gelin-damat.webp?resize=1400%2C800&ssl=1 4x"},"classes":[]},{"id":479,"url":"https:\/\/flowdatca.com\/eng\/about-us\/","url_meta":{"origin":1651,"position":2},"title":"Who Are We?","author":"webflowdatca","date":"September 8, 2023","format":false,"excerpt":"Dat\u00e7a Yar\u0131madas\u0131... Flow Dat\u00e7a Surf & Beach Otel, yar\u0131madan\u0131n en \u00f6zel b\u00f6lgelerinden biri olan Gebekum sahilinde yer al\u0131yor.Mitolojik efsaneye g\u00f6re deniz k\u0131zlar\u0131n\u0131n hikayesi bu sahilde, Doris ve Neros\u2019un sevdas\u0131yla ba\u015fl\u0131yor. Tarih deniz k\u0131zlar\u0131ndan m\u0131 esinlenir bilinmez ama sahile kumullar\u0131 ve yal\u0131 ta\u015flar\u0131n\u0131 arma\u011fan ediyor. Y\u00f6re halk\u0131, milyonlarca y\u0131ll\u0131k tarihi kumullar\u0131n\u2026","rel":"","context":"Similar post","block_context":{"text":"Similar post","link":""},"img":{"alt_text":"","src":"https:\/\/i0.wp.com\/flowdatca.com\/wp-content\/uploads\/2025\/03\/flowdatca-genel-gorunum.webp?resize=350%2C200&ssl=1","width":350,"height":200,"srcset":"https:\/\/i0.wp.com\/flowdatca.com\/wp-content\/uploads\/2025\/03\/flowdatca-genel-gorunum.webp?resize=350%2C200&ssl=1 1x, https:\/\/i0.wp.com\/flowdatca.com\/wp-content\/uploads\/2025\/03\/flowdatca-genel-gorunum.webp?resize=525%2C300&ssl=1 1.5x, https:\/\/i0.wp.com\/flowdatca.com\/wp-content\/uploads\/2025\/03\/flowdatca-genel-gorunum.webp?resize=700%2C400&ssl=1 2x, https:\/\/i0.wp.com\/flowdatca.com\/wp-content\/uploads\/2025\/03\/flowdatca-genel-gorunum.webp?resize=1050%2C600&ssl=1 3x, https:\/\/i0.wp.com\/flowdatca.com\/wp-content\/uploads\/2025\/03\/flowdatca-genel-gorunum.webp?resize=1400%2C800&ssl=1 4x"},"classes":[]},{"id":553,"url":"https:\/\/flowdatca.com\/eng\/","url_meta":{"origin":1651,"position":3},"title":"Home Page","author":"webflowdatca","date":"September 8, 2023","format":false,"excerpt":"Do\u011fayla Uyumlu, Konforla Dolu Ege\u2019nin huzurlu k\u0131y\u0131lar\u0131nda yer alan Flow Dat\u00e7a Otel'i, konforu ve do\u011fall\u0131\u011f\u0131 bir araya getirerek unutulmaz bir tatil sunuyor. Masmavi denizi, alt\u0131n kumlu sahili ve do\u011fayla i\u00e7 i\u00e7e atmosferiyle, hem dinlenmek hem de aktif bir tatil ge\u00e7irmek isteyenler i\u00e7in m\u00fckemmel bir se\u00e7enek.R\u00fczgar s\u00f6rf\u00fc, yoga seanslar\u0131 ve do\u011fa\u2026","rel":"","context":"Similar post","block_context":{"text":"Similar post","link":""},"img":{"alt_text":"","src":"https:\/\/i0.wp.com\/flowdatca.com\/wp-content\/uploads\/2025\/06\/flow-datca-otel.png?resize=350%2C200&ssl=1","width":350,"height":200,"srcset":"https:\/\/i0.wp.com\/flowdatca.com\/wp-content\/uploads\/2025\/06\/flow-datca-otel.png?resize=350%2C200&ssl=1 1x, https:\/\/i0.wp.com\/flowdatca.com\/wp-content\/uploads\/2025\/06\/flow-datca-otel.png?resize=525%2C300&ssl=1 1.5x, https:\/\/i0.wp.com\/flowdatca.com\/wp-content\/uploads\/2025\/06\/flow-datca-otel.png?resize=700%2C400&ssl=1 2x"},"classes":[]},{"id":760,"url":"https:\/\/flowdatca.com\/eng\/yoga\/","url_meta":{"origin":1651,"position":4},"title":"Yoga","author":"webflowdatca","date":"February 16, 2025","format":false,"excerpt":"Dat\u00e7a\u2019n\u0131n Do\u011fas\u0131nda Yoga ile Zihnini ve Bedenini Dengele! G\u00fcnl\u00fck hayat\u0131n h\u0131zl\u0131 temposunda zihninizi ve bedeninizi dinlendirmek i\u00e7in yoga en iyi y\u00f6ntemlerden biri! Yoga prati\u011fi, stresi azaltmaya, esnekli\u011fi art\u0131rmaya ve i\u00e7 huzuru bulmaya yard\u0131mc\u0131 olur. D\u00fczenli yoga yaparak hem fiziksel hem de zihinsel dengenizi ke\u015ffedin ve kendinize daha fazla zaman ay\u0131r\u0131n!\u2026","rel":"","context":"Similar post","block_context":{"text":"Similar post","link":""},"img":{"alt_text":"","src":"https:\/\/i0.wp.com\/flowdatca.com\/wp-content\/uploads\/2025\/04\/flowdatca-yogakampi-Eylul-arzudolek.png?resize=350%2C200&ssl=1","width":350,"height":200,"srcset":"https:\/\/i0.wp.com\/flowdatca.com\/wp-content\/uploads\/2025\/04\/flowdatca-yogakampi-Eylul-arzudolek.png?resize=350%2C200&ssl=1 1x, https:\/\/i0.wp.com\/flowdatca.com\/wp-content\/uploads\/2025\/04\/flowdatca-yogakampi-Eylul-arzudolek.png?resize=525%2C300&ssl=1 1.5x, https:\/\/i0.wp.com\/flowdatca.com\/wp-content\/uploads\/2025\/04\/flowdatca-yogakampi-Eylul-arzudolek.png?resize=700%2C400&ssl=1 2x, https:\/\/i0.wp.com\/flowdatca.com\/wp-content\/uploads\/2025\/04\/flowdatca-yogakampi-Eylul-arzudolek.png?resize=1050%2C600&ssl=1 3x, https:\/\/i0.wp.com\/flowdatca.com\/wp-content\/uploads\/2025\/04\/flowdatca-yogakampi-Eylul-arzudolek.png?resize=1400%2C800&ssl=1 4x"},"classes":[]},{"id":776,"url":"https:\/\/flowdatca.com\/eng\/sorf\/","url_meta":{"origin":1651,"position":5},"title":"Wind Surf","author":"webflowdatca","date":"February 16, 2025","format":false,"excerpt":"Ege\u2019nin Serin R\u00fczgarlar\u0131yla \u00d6zg\u00fcrl\u00fc\u011f\u00fc Hisset! Dat\u00e7a r\u00fczgar s\u00f6rf\u00fc i\u00e7in en ideal destinasyon! Flow Dat\u00e7a\u2019da r\u00fczgar s\u00f6rf\u00fc dersleri, profesyonel ekipman kiralama ve e\u015fsiz s\u00f6rf deneyimi seni bekliyor. Dat\u00e7a\u2019n\u0131n g\u00fc\u00e7l\u00fc r\u00fczgarlar\u0131n\u0131 yakala, \u00f6zg\u00fcrl\u00fc\u011f\u00fc hisset! R\u00fczgar\u0131 yakala Dat\u00e7a r\u00fczgar s\u00f6rf\u00fc i\u00e7in T\u00fcrkiye\u2019nin en iyi noktalar\u0131ndan biri! Flow Dat\u00e7a, g\u00fc\u00e7l\u00fc r\u00fczgarlar\u0131, s\u0131\u011f ve g\u00fcvenli\u2026","rel":"","context":"Similar post","block_context":{"text":"Similar post","link":""},"img":{"alt_text":"","src":"https:\/\/i0.wp.com\/flowdatca.com\/wp-content\/uploads\/2025\/03\/flow-datca-kadin-ruzgar-sorf-deniz.webp?resize=350%2C200&ssl=1","width":350,"height":200,"srcset":"https:\/\/i0.wp.com\/flowdatca.com\/wp-content\/uploads\/2025\/03\/flow-datca-kadin-ruzgar-sorf-deniz.webp?resize=350%2C200&ssl=1 1x, https:\/\/i0.wp.com\/flowdatca.com\/wp-content\/uploads\/2025\/03\/flow-datca-kadin-ruzgar-sorf-deniz.webp?resize=525%2C300&ssl=1 1.5x, https:\/\/i0.wp.com\/flowdatca.com\/wp-content\/uploads\/2025\/03\/flow-datca-kadin-ruzgar-sorf-deniz.webp?resize=700%2C400&ssl=1 2x, https:\/\/i0.wp.com\/flowdatca.com\/wp-content\/uploads\/2025\/03\/flow-datca-kadin-ruzgar-sorf-deniz.webp?resize=1050%2C600&ssl=1 3x, https:\/\/i0.wp.com\/flowdatca.com\/wp-content\/uploads\/2025\/03\/flow-datca-kadin-ruzgar-sorf-deniz.webp?resize=1400%2C800&ssl=1 4x"},"classes":[]}],"_links":{"self":[{"href":"https:\/\/flowdatca.com\/eng\/wp-json\/wp\/v2\/pages\/1651","targetHints":{"allow":["GET"]}}],"collection":[{"href":"https:\/\/flowdatca.com\/eng\/wp-json\/wp\/v2\/pages"}],"about":[{"href":"https:\/\/flowdatca.com\/eng\/wp-json\/wp\/v2\/types\/page"}],"author":[{"embeddable":true,"href":"https:\/\/flowdatca.com\/eng\/wp-json\/wp\/v2\/users\/261653120"}],"replies":[{"embeddable":true,"href":"https:\/\/flowdatca.com\/eng\/wp-json\/wp\/v2\/comments?post=1651"}],"version-history":[{"count":30,"href":"https:\/\/flowdatca.com\/eng\/wp-json\/wp\/v2\/pages\/1651\/revisions"}],"predecessor-version":[{"id":1809,"href":"https:\/\/flowdatca.com\/eng\/wp-json\/wp\/v2\/pages\/1651\/revisions\/1809"}],"wp:attachment":[{"href":"https:\/\/flowdatca.com\/eng\/wp-json\/wp\/v2\/media?parent=1651"}],"curies":[{"name":"wp","href":"https:\/\/api.w.org\/{rel}","templated":true}]}}